{"id":2883,"date":"2024-03-01T23:56:15","date_gmt":"2024-03-01T23:56:15","guid":{"rendered":"https:\/\/webcominstitut.com\/?page_id=2883"},"modified":"2024-03-27T19:17:55","modified_gmt":"2024-03-27T19:17:55","slug":"formation","status":"publish","type":"page","link":"https:\/\/webcominstitut.com\/index.php\/formation\/","title":{"rendered":"FORMATIONS"},"content":{"rendered":"\n<div class=\"wp-block-media-text is-stacked-on-mobile\" style=\"grid-template-columns:64% auto\"><figure class=\"wp-block-media-text__media\"><img loading=\"lazy\" decoding=\"async\" width=\"748\" height=\"247\" src=\"https:\/\/webcominstitut.com\/wp-content\/uploads\/2024\/03\/logo-webcom-institut-1.jpg\" alt=\"\" class=\"wp-image-3095 size-full\" srcset=\"https:\/\/webcominstitut.com\/wp-content\/uploads\/2024\/03\/logo-webcom-institut-1.jpg 748w, https:\/\/webcominstitut.com\/wp-content\/uploads\/2024\/03\/logo-webcom-institut-1-300x99.jpg 300w\" sizes=\"auto, (max-width: 748px) 100vw, 748px\" \/><\/figure><div class=\"wp-block-media-text__content\">\n<p>est un Institut de formation professionnelle, qui vous pr\u00e9pare \u00e0 entrer de plain \u2013pied dans la vie professionnelle avec des formations dipl\u00f4mantes et modulaires de qualit\u00e9 en alternance Ecole-Entreprise.<\/p>\n<\/div><\/div>\n\n\n\n<h2 class=\"wp-block-heading\"><a href=\"https:\/\/webcominstitut.com\/index.php\/academique\/\" target=\"_blank\" rel=\"noreferrer noopener\">Acad\u00e9mique<\/a> <\/h2>\n\n\n\n<details class=\"wp-block-details is-layout-flow wp-block-details-is-layout-flow\"><summary>D\u00e9tails<\/summary>\n<p><\/p>\n<\/details>\n\n\n\n<div class=\"wp-block-group is-nowrap is-layout-flex wp-container-core-group-is-layout-ad2f72ca wp-block-group-is-layout-flex\">\n<figure class=\"wp-block-table\"><table><tbody><tr><td>Evaluation et\/ou validation en fin de formation (examen national pour les titres certifi\u00e9s et les dipl\u00f4mes<\/td><\/tr><\/tbody><\/table><\/figure>\n<\/div>\n\n\n\n<ul class=\"wp-block-list\">\n<li>CAP<\/li>\n\n\n\n<li>BEP<\/li>\n\n\n\n<li>BT<\/li>\n\n\n\n<li>BTS<\/li>\n\n\n\n<li>Licences  <\/li>\n<\/ul>\n\n\n\n<h2 class=\"wp-block-heading\"><a href=\"https:\/\/webcominstitut.com\/index.php\/modulaire\/\" target=\"_blank\" rel=\"noreferrer noopener\">Modulaire<\/a><\/h2>\n\n\n\n<details class=\"wp-block-details is-layout-flow wp-block-details-is-layout-flow\"><summary>D\u00e9tails<\/summary>\n<p><\/p>\n<\/details>\n\n\n\n<figure class=\"wp-block-table\"><table><tbody><tr><td>Des formations dipl\u00f4mantes d\u00e9bouchant sur une qualification professionnelle adapt\u00e9e aux besoins pr\u00e9cis de l&rsquo;entreprise.<\/td><\/tr><\/tbody><\/table><\/figure>\n\n\n\n<ul class=\"wp-block-list\">\n<li>Bureautique 3mois<\/li>\n\n\n\n<li>Infographie  3mois<\/li>\n\n\n\n<li>Maintenance Informatique<\/li>\n\n\n\n<li>R\u00e9seaux Informatique<\/li>\n\n\n\n<li>D\u00e9veloppement WEB<\/li>\n\n\n\n<li>Application mobile<\/li>\n\n\n\n<li>Restauration (Cuisine Salle P\u00e2tisserie)<\/li>\n\n\n\n<li>Gestion de projet Ev\u00e9nementiel   <\/li>\n\n\n\n<li>Entreprenariat gestion des PME<\/li>\n<\/ul>\n\n\n\n<p><\/p>\n\n\n\n<p><\/p>\n\n\n\n<p><\/p>\n","protected":false},"excerpt":{"rendered":"<p>est un Institut de formation professionnelle, qui vous pr\u00e9pare \u00e0 entrer de plain \u2013pied dans la vie professionnelle avec des formations dipl\u00f4mantes et modulaires de qualit\u00e9 en alternance Ecole-Entreprise. Acad\u00e9mique Evaluation et\/ou validation en fin de formation (examen national pour les titres certifi\u00e9s et les dipl\u00f4mes Modulaire Des formations dipl\u00f4mantes d\u00e9bouchant sur une qualification professionnelle [&hellip;]<\/p>\n","protected":false},"author":1,"featured_media":0,"parent":0,"menu_order":0,"comment_status":"closed","ping_status":"closed","template":"","meta":{"footnotes":""},"class_list":["post-2883","page","type-page","status-publish","hentry"],"_links":{"self":[{"href":"https:\/\/webcominstitut.com\/index.php\/wp-json\/wp\/v2\/pages\/2883","targetHints":{"allow":["GET"]}}],"collection":[{"href":"https:\/\/webcominstitut.com\/index.php\/wp-json\/wp\/v2\/pages"}],"about":[{"href":"https:\/\/webcominstitut.com\/index.php\/wp-json\/wp\/v2\/types\/page"}],"author":[{"embeddable":true,"href":"https:\/\/webcominstitut.com\/index.php\/wp-json\/wp\/v2\/users\/1"}],"replies":[{"embeddable":true,"href":"https:\/\/webcominstitut.com\/index.php\/wp-json\/wp\/v2\/comments?post=2883"}],"version-history":[{"count":52,"href":"https:\/\/webcominstitut.com\/index.php\/wp-json\/wp\/v2\/pages\/2883\/revisions"}],"predecessor-version":[{"id":3270,"href":"https:\/\/webcominstitut.com\/index.php\/wp-json\/wp\/v2\/pages\/2883\/revisions\/3270"}],"wp:attachment":[{"href":"https:\/\/webcominstitut.com\/index.php\/wp-json\/wp\/v2\/media?parent=2883"}],"curies":[{"name":"wp","href":"https:\/\/api.w.org\/{rel}","templated":true}]}}