{"id":3004,"date":"2024-03-19T14:34:57","date_gmt":"2024-03-19T14:34:57","guid":{"rendered":"https:\/\/webcominstitut.com\/?page_id=3004"},"modified":"2024-05-07T01:21:21","modified_gmt":"2024-05-07T01:21:21","slug":"modulaire","status":"publish","type":"page","link":"https:\/\/webcominstitut.com\/index.php\/modulaire\/","title":{"rendered":"Formation Modulaire"},"content":{"rendered":"<script type=\"text\/javascript\">\r\ndocument.addEventListener(\"DOMContentLoaded\", function(event) { \r\n\tjQuery( '#slider-pro-3-3262' ).sliderPro({\r\n\t\t\/\/width\r\n\t\t\t\twidth: \"100%\",\r\n\t\t\t\t\r\n\t\t\/\/height\r\n\t\t\t\theight: 250,\r\n\t\t\t\t\r\n\t\t\/\/auto play\r\n\t\t\t\tautoplay:  true,\r\n\t\tautoplayOnHover: 'none',\r\n\t\t\t\t\t\t\t\tautoplayDelay: 5000,\r\n\t\t\r\n\t\t\r\n\t\tarrows: true,\r\n\t\tbuttons: true,\r\n\t\tsmallSize: 500,\r\n\t\tmediumSize: 1000,\r\n\t\tlargeSize: 3000,\r\n\t\tfade: true,\r\n\t\t\r\n\t\t\/\/thumbnail\r\n\t\tthumbnailArrows: true,\r\n\t\tthumbnailWidth: 120,\r\n\t\tthumbnailHeight: 120,\r\n\t\t\t\t\t\tthumbnailsPosition: 'bottom',\r\n\t\t\t\t\t\tcenterImage: true,\r\n\t\timageScaleMode: 'exact',\r\n\t\tallowScaleUp: true,\r\n\t\t\t\tstartSlide: 0,\r\n\t\tloop: true,\r\n\t\tslideDistance: 5,\r\n\t\tautoplayDirection: 'normal',\r\n\t\ttouchSwipe: true,\r\n\t\tfullScreen: true,\r\n\t});\r\n});\r\n<\/script>\r\n<style>\r\n\/* Layout 3 *\/\r\n\/* border *\/\r\n#slider-pro-3-3262 .sp-selected-thumbnail {\r\n\tborder: 4px solid #000000;\r\n}\r\n\r\n\/* font + color *\/\r\n.title-in  {\r\n\tfont-family: Arial !important;\r\n\tcolor: #FFFFFF !important;\r\n\tbackground-color: #000000 !important;\r\n\topacity: 0.7 !important;\r\n}\r\n.desc-in  {\r\n\tfont-family: Arial !important;\r\n\tcolor: #FFFFFF !important;\r\n\tbackground-color: #00000 !important;\r\n\topacity: 0.7 !important;\r\n}\r\n\r\n\/* bullets color *\/\r\n.sp-button  {\r\n\tborder: 2px solid #3ec9bb !important;\r\n}\r\n.sp-selected-button  {\r\n\tbackground-color: #3ec9bb !important;\r\n}\r\n\r\n\/* pointer color - bottom *\/\r\n.sp-selected-thumbnail::before {\r\n\tborder-bottom: 5px solid #000000 !important;\r\n}\r\n.sp-selected-thumbnail::after {\r\n\tborder-bottom: 13px solid #000000 !important;\r\n}\r\n\r\n\/* pointer color - top *\/\r\n\r\n\/* full screen icon *\/\r\n.sp-full-screen-button::before {\r\n    color: #FFFFFF !important;\r\n}\r\n\r\n\/* hover navigation icon color *\/\r\n.sp-next-arrow::after, .sp-next-arrow::before {\r\n\tbackground-color: #FFFFFF !important;\r\n}\r\n.sp-previous-arrow::after, .sp-previous-arrow::before {\r\n\tbackground-color: #FFFFFF !important;\r\n}\r\n\r\n#slider-pro-3-3262 .title-in {\r\n\tcolor: #FFFFFF !important;\r\n\tfont-weight: bolder;\r\n\ttext-align: center;\r\n}\r\n\r\n#slider-pro-3-3262 .title-in-bg {\r\n\tbackground: rgba(255, 255, 255, 0.7); !important;\r\n\twhite-space: unset !important;\r\n\tmax-width: 90%;\r\n\tmin-width: 40%;\r\n\ttransform: initial !important;\r\n\t-webkit-transform: initial !important;\r\n\tfont-size: 14px !important;\r\n}\r\n\r\n#slider-pro-3-3262 .desc-in {\r\n\tcolor: #FFFFFF !important;\r\n\ttext-align: center;\r\n}\r\n#slider-pro-3-3262 .desc-in-bg {\r\n\tbackground: rgba(#00000, 0.7) !important;\r\n\twhite-space: unset !important;\r\n\twidth: 80% !important;\r\n\tmin-width: 30%;\r\n\ttransform: initial !important;\r\n\t-webkit-transform: initial !important;\r\n\tfont-size: 13px !important;\r\n}\r\n\r\n@media (max-width: 640px) {\r\n\t#slider-pro-3-3262 .hide-small-screen {\r\n\t\tdisplay: none;\r\n\t}\r\n}\r\n\r\n@media (max-width: 860px) {\r\n\t#slider-pro-3-3262 .sp-layer {\r\n\t\tfont-size: 18px;\r\n\t}\r\n\t\r\n\t#slider-pro-3-3262 .hide-medium-screen {\r\n\t\tdisplay: none;\r\n\t}\r\n}\r\n.slides-not-found {\r\n\tbackground-color: #a92929;\r\n\tborder-radius: 5px;\r\n\tcolor: #fff;\r\n\tfont-family: initial;\r\n\ttext-align: center;\r\n\tpadding:12px;\r\n}\r\n\/* Custom CSS *\/\r\n<\/style>\r\n<h3 class=\"uris-slider-post-title\">FORMATIONS MODULAIRES<\/h3>\r\n\t\t<div id=\"slider-pro-3-3262\" class=\"slider-pro\">\r\n\t\t\t<!---- slides div start ---->\r\n\t\t\t<div class=\"sp-slides\">\r\n\t\t\t\t\t\t\t\t\t\t<div class=\"sp-slide\">\r\n\t\t\t\t\t\t\t<img decoding=\"async\" class=\"sp-image\" loading=\"lazy\" alt=\"restautartion\" src=\"https:\/\/webcominstitut.com\/wp-content\/plugins\/ultimate-responsive-image-slider\/assets\/css\/images\/blank.gif\" data-src=\"https:\/\/webcominstitut.com\/wp-content\/uploads\/2024\/05\/restautartion3-6-1_001.png\" \/>\r\n\r\n\t\t\t\t\t\t\t\r\n\t\t\t\t\t\t\t\t\t\t\t\t\t<\/div>\r\n\t\t\t\t\t\t\t\t\t\t\t\t<div class=\"sp-slide\">\r\n\t\t\t\t\t\t\t<img decoding=\"async\" class=\"sp-image\" loading=\"lazy\" alt=\"Bureautique\" src=\"https:\/\/webcominstitut.com\/wp-content\/plugins\/ultimate-responsive-image-slider\/assets\/css\/images\/blank.gif\" data-src=\"https:\/\/webcominstitut.com\/wp-content\/uploads\/2024\/05\/Bureautique3mois_001.png\" \/>\r\n\r\n\t\t\t\t\t\t\t\r\n\t\t\t\t\t\t\t\t\t\t\t\t\t<\/div>\r\n\t\t\t\t\t\t\t\t\t\t\t\t<div class=\"sp-slide\">\r\n\t\t\t\t\t\t\t<img decoding=\"async\" class=\"sp-image\" loading=\"lazy\" alt=\"RESEAUX INFORMATIQUES\" src=\"https:\/\/webcominstitut.com\/wp-content\/plugins\/ultimate-responsive-image-slider\/assets\/css\/images\/blank.gif\" data-src=\"https:\/\/webcominstitut.com\/wp-content\/uploads\/2024\/05\/RESEAUX-INFORMATIQUES_001.png\" \/>\r\n\r\n\t\t\t\t\t\t\t\r\n\t\t\t\t\t\t\t\t\t\t\t\t\t<\/div>\r\n\t\t\t\t\t\t\t\t\t\t\t\t<div class=\"sp-slide\">\r\n\t\t\t\t\t\t\t<img decoding=\"async\" class=\"sp-image\" loading=\"lazy\" alt=\"Entrepreneuriat\" src=\"https:\/\/webcominstitut.com\/wp-content\/plugins\/ultimate-responsive-image-slider\/assets\/css\/images\/blank.gif\" data-src=\"https:\/\/webcominstitut.com\/wp-content\/uploads\/2024\/05\/Entrepreneuriat_001.png\" \/>\r\n\r\n\t\t\t\t\t\t\t\r\n\t\t\t\t\t\t\t\t\t\t\t\t\t<\/div>\r\n\t\t\t\t\t\t\t\t\t<\/div>\r\n\t\t\t\r\n\t\t\t<!---- slides div end ---->\r\n\t\t\t\t\t\t<!-- slides thumbnails div start -->\r\n\t\t\t<div class=\"sp-thumbnails\">\r\n\t\t\t\t\t\t\t\t\t\t<img decoding=\"async\" class=\"sp-thumbnail\" loading=\"lazy\" src=\"https:\/\/webcominstitut.com\/wp-content\/plugins\/ultimate-responsive-image-slider\/assets\/img\/loading.gif\" data-src=\"https:\/\/webcominstitut.com\/wp-content\/uploads\/2024\/05\/restautartion3-6-1_001-300x153.png\" alt=\"restautartion\"\/>\r\n\t\t\t\t\t\t\t\t\t\t\t<img decoding=\"async\" class=\"sp-thumbnail\" loading=\"lazy\" src=\"https:\/\/webcominstitut.com\/wp-content\/plugins\/ultimate-responsive-image-slider\/assets\/img\/loading.gif\" data-src=\"https:\/\/webcominstitut.com\/wp-content\/uploads\/2024\/05\/Bureautique3mois_001-300x154.png\" alt=\"Bureautique\"\/>\r\n\t\t\t\t\t\t\t\t\t\t\t<img decoding=\"async\" class=\"sp-thumbnail\" loading=\"lazy\" src=\"https:\/\/webcominstitut.com\/wp-content\/plugins\/ultimate-responsive-image-slider\/assets\/img\/loading.gif\" data-src=\"https:\/\/webcominstitut.com\/wp-content\/uploads\/2024\/05\/RESEAUX-INFORMATIQUES_001-300x161.png\" alt=\"RESEAUX INFORMATIQUES\"\/>\r\n\t\t\t\t\t\t\t\t\t\t\t<img decoding=\"async\" class=\"sp-thumbnail\" loading=\"lazy\" src=\"https:\/\/webcominstitut.com\/wp-content\/plugins\/ultimate-responsive-image-slider\/assets\/img\/loading.gif\" data-src=\"https:\/\/webcominstitut.com\/wp-content\/uploads\/2024\/05\/Entrepreneuriat_001-300x140.png\" alt=\"Entrepreneuriat\"\/>\r\n\t\t\t\t\t\t\t\t<\/div>\r\n\t\t\t\t\t\t<!-- slides thumbnails div end -->\r\n\t\t<\/div>\r\n\n\n\n\n<p>Des formations dipl\u00f4mantes  d\u00e9bouchant sur une qualification professionnelle adapt\u00e9e aux besoins pr\u00e9cis de l&rsquo;entreprise.<\/p>\n\n\n\n<div class=\"wp-block-media-text is-stacked-on-mobile is-vertically-aligned-center\" style=\"grid-template-columns:39% auto\"><figure class=\"wp-block-media-text__media\"><img loading=\"lazy\" decoding=\"async\" width=\"450\" height=\"300\" src=\"http:\/\/webcominstitut.com\/wp-content\/uploads\/2020\/01\/30685327-beautiful-african-businesswoman-holding-clipboard.jpg\" alt=\"\" class=\"wp-image-2686 size-full\" srcset=\"https:\/\/webcominstitut.com\/wp-content\/uploads\/2020\/01\/30685327-beautiful-african-businesswoman-holding-clipboard.jpg 450w, https:\/\/webcominstitut.com\/wp-content\/uploads\/2020\/01\/30685327-beautiful-african-businesswoman-holding-clipboard-300x200.jpg 300w\" sizes=\"auto, (max-width: 450px) 100vw, 450px\" \/><\/figure><div class=\"wp-block-media-text__content\">\n<p class=\"has-text-align-left has-medium-font-size\"><strong><mark style=\"background-color:rgba(0, 0, 0, 0)\" class=\"has-inline-color has-vivid-red-color\">Entrepreneuriat<\/mark><\/strong> : <strong><a href=\"https:\/\/webcominstitut.com\/index.php\/entreprenariat\/\" data-type=\"page\" data-id=\"3203\" target=\"_blank\" rel=\"noreferrer noopener\">Voir+<\/a><\/strong><\/p>\n\n\n\n<p><\/p>\n<\/div><\/div>\n\n\n\n<div class=\"wp-block-media-text is-stacked-on-mobile\" style=\"grid-template-columns:39% auto\"><figure class=\"wp-block-media-text__media\"><a href=\"https:\/\/webcominstitut.com\/index.php\/resaux-informatiques\/\"><img loading=\"lazy\" decoding=\"async\" width=\"298\" height=\"226\" src=\"http:\/\/webcominstitut.com\/wp-content\/uploads\/2024\/05\/reseaux10.jpg\" alt=\"\" class=\"wp-image-3286 size-full\"\/><\/a><\/figure><div class=\"wp-block-media-text__content\">\n<p class=\"has-medium-font-size\"><mark style=\"background-color:rgba(0, 0, 0, 0)\" class=\"has-inline-color has-luminous-vivid-amber-color\"><strong>R\u00e9seau<\/strong>x Informatiques:<\/mark> <strong><a href=\"https:\/\/webcominstitut.com\/index.php\/resaux-informatiques\/\" data-type=\"page\" data-id=\"3233\" target=\"_blank\" rel=\"noreferrer noopener\">Voir+<\/a><\/strong><\/p>\n\n\n\n<p><\/p>\n<\/div><\/div>\n\n\n\n<div class=\"wp-block-media-text is-stacked-on-mobile\" style=\"grid-template-columns:39% auto\"><figure class=\"wp-block-media-text__media\"><a href=\"https:\/\/webcominstitut.com\/index.php\/bureautique-infographie\/\"><img loading=\"lazy\" decoding=\"async\" width=\"498\" height=\"367\" src=\"https:\/\/webcominstitut.com\/wp-content\/uploads\/2024\/05\/ik.gif\" alt=\"\" class=\"wp-image-3306 size-full\"\/><\/a><\/figure><div class=\"wp-block-media-text__content\">\n<p class=\"has-medium-font-size\"><mark style=\"background-color:rgba(0, 0, 0, 0)\" class=\"has-inline-color has-luminous-vivid-amber-color\"><a href=\"https:\/\/webcominstitut.com\/index.php\/bureautique-infographie\/\">Infographie<\/a>: <\/mark><strong><a href=\"https:\/\/webcominstitut.com\/index.php\/bureautique-infographie\/\" data-type=\"page\" data-id=\"3197\" target=\"_blank\" rel=\"noreferrer noopener\">Voir+<\/a><\/strong><\/p>\n\n\n\n<p><\/p>\n<\/div><\/div>\n\n\n\n<div class=\"wp-block-media-text is-stacked-on-mobile\" style=\"grid-template-columns:39% auto\"><figure class=\"wp-block-media-text__media\"><a href=\"https:\/\/webcominstitut.com\/index.php\/restauration\/\"><img loading=\"lazy\" decoding=\"async\" width=\"216\" height=\"233\" src=\"https:\/\/webcominstitut.com\/wp-content\/uploads\/2024\/05\/formationhotellerie.jpg\" alt=\"\" class=\"wp-image-3314 size-full\"\/><\/a><\/figure><div class=\"wp-block-media-text__content\">\n<p class=\"has-medium-font-size\"><mark style=\"background-color:rgba(0, 0, 0, 0)\" class=\"has-inline-color has-luminous-vivid-amber-color\"><a href=\"https:\/\/webcominstitut.com\/index.php\/restauration\/\">Restauration<\/a>: <\/mark><strong><a href=\"https:\/\/webcominstitut.com\/index.php\/restauration\/\" data-type=\"page\" data-id=\"3237\" target=\"_blank\" rel=\"noreferrer noopener\">Voir+<\/a><\/strong><\/p>\n\n\n\n<p><\/p>\n<\/div><\/div>\n\n\n\n<div class=\"wp-block-media-text is-stacked-on-mobile\" style=\"grid-template-columns:39% auto\"><figure class=\"wp-block-media-text__media\"><img loading=\"lazy\" decoding=\"async\" width=\"1200\" height=\"861\" src=\"http:\/\/webcominstitut.com\/wp-content\/uploads\/2019\/10\/classroom.jpg\" alt=\"\" class=\"wp-image-2395 size-full\" srcset=\"https:\/\/webcominstitut.com\/wp-content\/uploads\/2019\/10\/classroom.jpg 1200w, https:\/\/webcominstitut.com\/wp-content\/uploads\/2019\/10\/classroom-300x215.jpg 300w, https:\/\/webcominstitut.com\/wp-content\/uploads\/2019\/10\/classroom-1024x735.jpg 1024w, https:\/\/webcominstitut.com\/wp-content\/uploads\/2019\/10\/classroom-768x551.jpg 768w\" sizes=\"auto, (max-width: 1200px) 100vw, 1200px\" \/><\/figure><div class=\"wp-block-media-text__content\">\n<p><a href=\"https:\/\/webcominstitut.com\/index.php\/modulaire\/\" target=\"_blank\" rel=\"noreferrer noopener\"><\/a><\/p>\n\n\n\n<p class=\"has-medium-font-size\"><mark style=\"background-color:rgba(0, 0, 0, 0)\" class=\"has-inline-color has-luminous-vivid-amber-color\">Bureautique: <\/mark><strong><a href=\"https:\/\/webcominstitut.com\/index.php\/bureautique-infographie\/\" data-type=\"page\" data-id=\"3197\" target=\"_blank\" rel=\"noreferrer noopener\">Voir+<\/a><\/strong><\/p>\n\n\n\n<p><\/p>\n<\/div><\/div>\n\n\n\n<ul class=\"wp-block-list\">\n<li>Bureautique 3mois <strong><mark style=\"background-color:rgba(0, 0, 0, 0)\" class=\"has-inline-color has-vivid-red-color\"><a href=\"https:\/\/webcominstitut.com\/index.php\/bureautique-infographie\/\" data-type=\"page\" data-id=\"3197\">D\u00e9tails<\/a><\/mark><\/strong><\/li>\n\n\n\n<li>Infographie 3mois  <strong><mark style=\"background-color:rgba(0, 0, 0, 0)\" class=\"has-inline-color has-vivid-red-color\"><a href=\"https:\/\/webcominstitut.com\/index.php\/bureautique-infographie\/\" data-type=\"page\" data-id=\"3197\">D\u00e9tails<\/a><\/mark><\/strong><\/li>\n\n\n\n<li>Maintenance Informatique <strong><mark style=\"background-color:rgba(0, 0, 0, 0)\" class=\"has-inline-color has-vivid-red-color\"><a href=\"https:\/\/webcominstitut.com\/index.php\/maintenance-informatique\/\" data-type=\"page\" data-id=\"3344\">D\u00e9tails<\/a><\/mark><\/strong><\/li>\n\n\n\n<li>R\u00e9seaux Informatique <strong><mark style=\"background-color:rgba(0, 0, 0, 0)\" class=\"has-inline-color has-vivid-red-color\"><a href=\"https:\/\/webcominstitut.com\/index.php\/resaux-informatiques\/\" data-type=\"page\" data-id=\"3233\">D\u00e9tails<\/a><\/mark><\/strong><\/li>\n\n\n\n<li>D\u00e9veloppement WEB<\/li>\n\n\n\n<li>Application mobile<\/li>\n\n\n\n<li>Restauration (Cuisine Salle P\u00e2tisserie)<strong><mark style=\"background-color:rgba(0, 0, 0, 0)\" class=\"has-inline-color has-vivid-red-color\"><a href=\"https:\/\/webcominstitut.com\/index.php\/restauration\/\" data-type=\"page\" data-id=\"3237\">D\u00e9tails<\/a><\/mark><\/strong><\/li>\n\n\n\n<li>Gestion de projet Ev\u00e9nementiel <strong><mark style=\"background-color:rgba(0, 0, 0, 0)\" class=\"has-inline-color has-vivid-red-color\"><a href=\"https:\/\/webcominstitut.com\/index.php\/gestion-projet-evenementiel\/\" data-type=\"page\" data-id=\"3294\">D\u00e9tails<\/a><\/mark><\/strong><\/li>\n\n\n\n<li>Entreprenariat gestion des PME  <strong><mark style=\"background-color:rgba(0, 0, 0, 0)\" class=\"has-inline-color has-vivid-red-color\"><a href=\"https:\/\/webcominstitut.com\/index.php\/entreprenariat\/\">D\u00e9tails<\/a><\/mark><\/strong><\/li>\n<\/ul>\n","protected":false},"excerpt":{"rendered":"<p>Des formations dipl\u00f4mantes d\u00e9bouchant sur une qualification professionnelle adapt\u00e9e aux besoins pr\u00e9cis de l&rsquo;entreprise. Entrepreneuriat : Voir+ R\u00e9seaux Informatiques: Voir+ Infographie: Voir+ Restauration: Voir+ Bureautique: Voir+<\/p>\n","protected":false},"author":1,"featured_media":3005,"parent":0,"menu_order":0,"comment_status":"closed","ping_status":"closed","template":"","meta":{"footnotes":""},"class_list":["post-3004","page","type-page","status-publish","has-post-thumbnail","hentry"],"_links":{"self":[{"href":"https:\/\/webcominstitut.com\/index.php\/wp-json\/wp\/v2\/pages\/3004","targetHints":{"allow":["GET"]}}],"collection":[{"href":"https:\/\/webcominstitut.com\/index.php\/wp-json\/wp\/v2\/pages"}],"about":[{"href":"https:\/\/webcominstitut.com\/index.php\/wp-json\/wp\/v2\/types\/page"}],"author":[{"embeddable":true,"href":"https:\/\/webcominstitut.com\/index.php\/wp-json\/wp\/v2\/users\/1"}],"replies":[{"embeddable":true,"href":"https:\/\/webcominstitut.com\/index.php\/wp-json\/wp\/v2\/comments?post=3004"}],"version-history":[{"count":25,"href":"https:\/\/webcominstitut.com\/index.php\/wp-json\/wp\/v2\/pages\/3004\/revisions"}],"predecessor-version":[{"id":3351,"href":"https:\/\/webcominstitut.com\/index.php\/wp-json\/wp\/v2\/pages\/3004\/revisions\/3351"}],"wp:featuredmedia":[{"embeddable":true,"href":"https:\/\/webcominstitut.com\/index.php\/wp-json\/wp\/v2\/media\/3005"}],"wp:attachment":[{"href":"https:\/\/webcominstitut.com\/index.php\/wp-json\/wp\/v2\/media?parent=3004"}],"curies":[{"name":"wp","href":"https:\/\/api.w.org\/{rel}","templated":true}]}}